{"id":9747,"date":"2024-10-31T21:12:35","date_gmt":"2024-10-31T21:12:35","guid":{"rendered":"https:\/\/www.victoriafones.com\/quienes-somos\/"},"modified":"2025-11-08T12:02:51","modified_gmt":"2025-11-08T12:02:51","slug":"sobre-nos","status":"publish","type":"page","link":"https:\/\/www.victoriafones.com\/br\/sobre-nos\/","title":{"rendered":"Sobre N\u00f3s"},"content":{"rendered":"\t\t<div data-elementor-type=\"wp-page\" data-elementor-id=\"9747\" class=\"elementor elementor-9747 elementor-365\">\n\t\t\t\t<div class=\"elementor-element elementor-element-3efd6e0 e-flex e-con-boxed e-con e-parent\" data-id=\"3efd6e0\" data-element_type=\"container\" data-e-type=\"container\" data-settings=\"{&quot;background_background&quot;:&quot;classic&quot;,&quot;jet_parallax_layout_list&quot;:[]}\">\n\t\t\t\t\t<div class=\"e-con-inner\">\n\t\t\t\t<div class=\"elementor-element elementor-element-fc1a85c elementor-align-left elementor-widget elementor-widget-raven-heading\" data-id=\"fc1a85c\" data-element_type=\"widget\" data-e-type=\"widget\" data-widget_type=\"raven-heading.default\">\n\t\t\t\t<div class=\"elementor-widget-container\">\n\t\t\t\t\t\t\t<div class=\"raven-widget-wrapper\"><h1 class=\"raven-heading raven-heading-h1\"><span class=\"raven-heading-title \">Sobre Victoria Fones<br>\nImobili\u00e1ria<\/span><\/h1><\/div>\n\t\t\t\t\t\t<\/div>\n\t\t\t\t<\/div>\n\t\t\t\t\t<\/div>\n\t\t\t\t<\/div>\n\t\t<div class=\"elementor-element elementor-element-3c71e91 e-flex e-con-boxed e-con e-parent\" data-id=\"3c71e91\" data-element_type=\"container\" data-e-type=\"container\" data-settings=\"{&quot;jet_parallax_layout_list&quot;:[{&quot;jet_parallax_layout_image&quot;:{&quot;url&quot;:&quot;&quot;,&quot;id&quot;:&quot;&quot;,&quot;size&quot;:&quot;&quot;},&quot;_id&quot;:&quot;9169b45&quot;,&quot;jet_parallax_layout_image_tablet&quot;:{&quot;url&quot;:&quot;&quot;,&quot;id&quot;:&quot;&quot;,&quot;size&quot;:&quot;&quot;},&quot;jet_parallax_layout_image_mobile&quot;:{&quot;url&quot;:&quot;&quot;,&quot;id&quot;:&quot;&quot;,&quot;size&quot;:&quot;&quot;},&quot;jet_parallax_layout_speed&quot;:{&quot;unit&quot;:&quot;%&quot;,&quot;size&quot;:50,&quot;sizes&quot;:[]},&quot;jet_parallax_layout_type&quot;:&quot;scroll&quot;,&quot;jet_parallax_layout_direction&quot;:&quot;1&quot;,&quot;jet_parallax_layout_fx_direction&quot;:null,&quot;jet_parallax_layout_z_index&quot;:&quot;&quot;,&quot;jet_parallax_layout_bg_x&quot;:50,&quot;jet_parallax_layout_bg_x_tablet&quot;:&quot;&quot;,&quot;jet_parallax_layout_bg_x_mobile&quot;:&quot;&quot;,&quot;jet_parallax_layout_bg_y&quot;:50,&quot;jet_parallax_layout_bg_y_tablet&quot;:&quot;&quot;,&quot;jet_parallax_layout_bg_y_mobile&quot;:&quot;&quot;,&quot;jet_parallax_layout_bg_size&quot;:&quot;auto&quot;,&quot;jet_parallax_layout_bg_size_tablet&quot;:&quot;&quot;,&quot;jet_parallax_layout_bg_size_mobile&quot;:&quot;&quot;,&quot;jet_parallax_layout_animation_prop&quot;:&quot;transform&quot;,&quot;jet_parallax_layout_on&quot;:[&quot;desktop&quot;,&quot;tablet&quot;]}],&quot;background_background&quot;:&quot;classic&quot;}\">\n\t\t\t\t\t<div class=\"e-con-inner\">\n\t\t\t\t\t<\/div>\n\t\t\t\t<\/div>\n\t\t<div class=\"elementor-element elementor-element-02c9281 e-flex e-con-boxed e-con e-parent\" data-id=\"02c9281\" data-element_type=\"container\" data-e-type=\"container\" data-settings=\"{&quot;jet_parallax_layout_list&quot;:[{&quot;jet_parallax_layout_image&quot;:{&quot;url&quot;:&quot;&quot;,&quot;id&quot;:&quot;&quot;,&quot;size&quot;:&quot;&quot;},&quot;_id&quot;:&quot;9c90919&quot;,&quot;jet_parallax_layout_image_tablet&quot;:{&quot;url&quot;:&quot;&quot;,&quot;id&quot;:&quot;&quot;,&quot;size&quot;:&quot;&quot;},&quot;jet_parallax_layout_image_mobile&quot;:{&quot;url&quot;:&quot;&quot;,&quot;id&quot;:&quot;&quot;,&quot;size&quot;:&quot;&quot;},&quot;jet_parallax_layout_speed&quot;:{&quot;unit&quot;:&quot;%&quot;,&quot;size&quot;:50,&quot;sizes&quot;:[]},&quot;jet_parallax_layout_type&quot;:&quot;scroll&quot;,&quot;jet_parallax_layout_direction&quot;:&quot;1&quot;,&quot;jet_parallax_layout_fx_direction&quot;:null,&quot;jet_parallax_layout_z_index&quot;:&quot;&quot;,&quot;jet_parallax_layout_bg_x&quot;:50,&quot;jet_parallax_layout_bg_x_tablet&quot;:&quot;&quot;,&quot;jet_parallax_layout_bg_x_mobile&quot;:&quot;&quot;,&quot;jet_parallax_layout_bg_y&quot;:50,&quot;jet_parallax_layout_bg_y_tablet&quot;:&quot;&quot;,&quot;jet_parallax_layout_bg_y_mobile&quot;:&quot;&quot;,&quot;jet_parallax_layout_bg_size&quot;:&quot;auto&quot;,&quot;jet_parallax_layout_bg_size_tablet&quot;:&quot;&quot;,&quot;jet_parallax_layout_bg_size_mobile&quot;:&quot;&quot;,&quot;jet_parallax_layout_animation_prop&quot;:&quot;transform&quot;,&quot;jet_parallax_layout_on&quot;:[&quot;desktop&quot;,&quot;tablet&quot;]}]}\">\n\t\t\t\t\t<div class=\"e-con-inner\">\n\t\t<div class=\"elementor-element elementor-element-e780723 e-con-full e-flex e-con e-child\" data-id=\"e780723\" data-element_type=\"container\" data-e-type=\"container\" data-settings=\"{&quot;jet_parallax_layout_list&quot;:[]}\">\n\t\t\t\t<div class=\"elementor-element elementor-element-0cb411d elementor-widget elementor-widget-image\" data-id=\"0cb411d\" data-element_type=\"widget\" data-e-type=\"widget\" data-widget_type=\"image.default\">\n\t\t\t\t<div class=\"elementor-widget-container\">\n\t\t\t\t\t\t\t\t\t\t\t\t\t\t\t<img fetchpriority=\"high\" decoding=\"async\" width=\"768\" height=\"1024\" src=\"https:\/\/www.victoriafones.com\/wp-content\/uploads\/2024\/11\/our-team-victoria-fones.webp\" class=\"attachment-full size-full wp-image-11063\" alt=\"Victoria Fones\" srcset=\"https:\/\/www.victoriafones.com\/wp-content\/uploads\/2024\/11\/our-team-victoria-fones.webp 768w, https:\/\/www.victoriafones.com\/wp-content\/uploads\/2024\/11\/our-team-victoria-fones-225x300.webp 225w, https:\/\/www.victoriafones.com\/wp-content\/uploads\/2024\/11\/our-team-victoria-fones-525x700.webp 525w\" sizes=\"(max-width: 768px) 100vw, 768px\" \/>\t\t\t\t\t\t\t\t\t\t\t\t\t\t\t<\/div>\n\t\t\t\t<\/div>\n\t\t\t\t<div class=\"elementor-element elementor-element-e5e8ec1 elementor-widget elementor-widget-heading\" data-id=\"e5e8ec1\" data-element_type=\"widget\" data-e-type=\"widget\" data-widget_type=\"heading.default\">\n\t\t\t\t<div class=\"elementor-widget-container\">\n\t\t\t\t\t<h2 class=\"elementor-heading-title elementor-size-default\">Victoria\u00a0Fones<\/h2>\t\t\t\t<\/div>\n\t\t\t\t<\/div>\n\t\t\t\t<div class=\"elementor-element elementor-element-2e73818 elementor-widget elementor-widget-text-editor\" data-id=\"2e73818\" data-element_type=\"widget\" data-e-type=\"widget\" data-widget_type=\"text-editor.default\">\n\t\t\t\t<div class=\"elementor-widget-container\">\n\t\t\t\t\t\t\t\t\t<p>CEO &amp; Founder. Sales<\/p>\t\t\t\t\t\t\t\t<\/div>\n\t\t\t\t<\/div>\n\t\t\t\t<div class=\"elementor-element elementor-element-1be49fa e-grid-align-left elementor-hidden-desktop elementor-hidden-tablet elementor-hidden-mobile elementor-shape-rounded elementor-grid-0 elementor-widget elementor-widget-social-icons\" data-id=\"1be49fa\" data-element_type=\"widget\" data-e-type=\"widget\" data-widget_type=\"social-icons.default\">\n\t\t\t\t<div class=\"elementor-widget-container\">\n\t\t\t\t\t\t\t<div class=\"elementor-social-icons-wrapper elementor-grid\" role=\"list\">\n\t\t\t\t\t\t\t<span class=\"elementor-grid-item\" role=\"listitem\">\n\t\t\t\t\t<a class=\"elementor-icon elementor-social-icon elementor-social-icon-instagram elementor-repeater-item-5e2933f\" href=\"https:\/\/www.instagram.com\/victoriafones.realestate\" target=\"_blank\">\n\t\t\t\t\t\t<span class=\"elementor-screen-only\">Instagram<\/span>\n\t\t\t\t\t\t<svg aria-hidden=\"true\" class=\"e-font-icon-svg e-fab-instagram\" viewBox=\"0 0 448 512\" xmlns=\"http:\/\/www.w3.org\/2000\/svg\"><path d=\"M224.1 141c-63.6 0-114.9 51.3-114.9 114.9s51.3 114.9 114.9 114.9S339 319.5 339 255.9 287.7 141 224.1 141zm0 189.6c-41.1 0-74.7-33.5-74.7-74.7s33.5-74.7 74.7-74.7 74.7 33.5 74.7 74.7-33.6 74.7-74.7 74.7zm146.4-194.3c0 14.9-12 26.8-26.8 26.8-14.9 0-26.8-12-26.8-26.8s12-26.8 26.8-26.8 26.8 12 26.8 26.8zm76.1 27.2c-1.7-35.9-9.9-67.7-36.2-93.9-26.2-26.2-58-34.4-93.9-36.2-37-2.1-147.9-2.1-184.9 0-35.8 1.7-67.6 9.9-93.9 36.1s-34.4 58-36.2 93.9c-2.1 37-2.1 147.9 0 184.9 1.7 35.9 9.9 67.7 36.2 93.9s58 34.4 93.9 36.2c37 2.1 147.9 2.1 184.9 0 35.9-1.7 67.7-9.9 93.9-36.2 26.2-26.2 34.4-58 36.2-93.9 2.1-37 2.1-147.8 0-184.8zM398.8 388c-7.8 19.6-22.9 34.7-42.6 42.6-29.5 11.7-99.5 9-132.1 9s-102.7 2.6-132.1-9c-19.6-7.8-34.7-22.9-42.6-42.6-11.7-29.5-9-99.5-9-132.1s-2.6-102.7 9-132.1c7.8-19.6 22.9-34.7 42.6-42.6 29.5-11.7 99.5-9 132.1-9s102.7-2.6 132.1 9c19.6 7.8 34.7 22.9 42.6 42.6 11.7 29.5 9 99.5 9 132.1s2.7 102.7-9 132.1z\"><\/path><\/svg>\t\t\t\t\t<\/a>\n\t\t\t\t<\/span>\n\t\t\t\t\t\t\t<span class=\"elementor-grid-item\" role=\"listitem\">\n\t\t\t\t\t<a class=\"elementor-icon elementor-social-icon elementor-social-icon-phone-square elementor-repeater-item-f567436\" href=\"tel:\/\/+59894707314\" target=\"_blank\">\n\t\t\t\t\t\t<span class=\"elementor-screen-only\">Phone-square<\/span>\n\t\t\t\t\t\t<svg aria-hidden=\"true\" class=\"e-font-icon-svg e-fas-phone-square\" viewBox=\"0 0 448 512\" xmlns=\"http:\/\/www.w3.org\/2000\/svg\"><path d=\"M400 32H48C21.49 32 0 53.49 0 80v352c0 26.51 21.49 48 48 48h352c26.51 0 48-21.49 48-48V80c0-26.51-21.49-48-48-48zM94 416c-7.033 0-13.057-4.873-14.616-11.627l-14.998-65a15 15 0 0 1 8.707-17.16l69.998-29.999a15 15 0 0 1 17.518 4.289l30.997 37.885c48.944-22.963 88.297-62.858 110.781-110.78l-37.886-30.997a15.001 15.001 0 0 1-4.289-17.518l30-69.998a15 15 0 0 1 17.16-8.707l65 14.998A14.997 14.997 0 0 1 384 126c0 160.292-129.945 290-290 290z\"><\/path><\/svg>\t\t\t\t\t<\/a>\n\t\t\t\t<\/span>\n\t\t\t\t\t\t\t<span class=\"elementor-grid-item\" role=\"listitem\">\n\t\t\t\t\t<a class=\"elementor-icon elementor-social-icon elementor-social-icon-whatsapp elementor-repeater-item-e41f496\" href=\"https:\/\/wa.me\/59895001151\" target=\"_blank\">\n\t\t\t\t\t\t<span class=\"elementor-screen-only\">Whatsapp<\/span>\n\t\t\t\t\t\t<svg aria-hidden=\"true\" class=\"e-font-icon-svg e-fab-whatsapp\" viewBox=\"0 0 448 512\" xmlns=\"http:\/\/www.w3.org\/2000\/svg\"><path d=\"M380.9 97.1C339 55.1 283.2 32 223.9 32c-122.4 0-222 99.6-222 222 0 39.1 10.2 77.3 29.6 111L0 480l117.7-30.9c32.4 17.7 68.9 27 106.1 27h.1c122.3 0 224.1-99.6 224.1-222 0-59.3-25.2-115-67.1-157zm-157 341.6c-33.2 0-65.7-8.9-94-25.7l-6.7-4-69.8 18.3L72 359.2l-4.4-7c-18.5-29.4-28.2-63.3-28.2-98.2 0-101.7 82.8-184.5 184.6-184.5 49.3 0 95.6 19.2 130.4 54.1 34.8 34.9 56.2 81.2 56.1 130.5 0 101.8-84.9 184.6-186.6 184.6zm101.2-138.2c-5.5-2.8-32.8-16.2-37.9-18-5.1-1.9-8.8-2.8-12.5 2.8-3.7 5.6-14.3 18-17.6 21.8-3.2 3.7-6.5 4.2-12 1.4-32.6-16.3-54-29.1-75.5-66-5.7-9.8 5.7-9.1 16.3-30.3 1.8-3.7.9-6.9-.5-9.7-1.4-2.8-12.5-30.1-17.1-41.2-4.5-10.8-9.1-9.3-12.5-9.5-3.2-.2-6.9-.2-10.6-.2-3.7 0-9.7 1.4-14.8 6.9-5.1 5.6-19.4 19-19.4 46.3 0 27.3 19.9 53.7 22.6 57.4 2.8 3.7 39.1 59.7 94.8 83.8 35.2 15.2 49 16.5 66.6 13.9 10.7-1.6 32.8-13.4 37.4-26.4 4.6-13 4.6-24.1 3.2-26.4-1.3-2.5-5-3.9-10.5-6.6z\"><\/path><\/svg>\t\t\t\t\t<\/a>\n\t\t\t\t<\/span>\n\t\t\t\t\t\t\t<span class=\"elementor-grid-item\" role=\"listitem\">\n\t\t\t\t\t<a class=\"elementor-icon elementor-social-icon elementor-social-icon-linkedin elementor-repeater-item-9d95850\" href=\"https:\/\/www.linkedin.com\/in\/victoriafones\/\" target=\"_blank\">\n\t\t\t\t\t\t<span class=\"elementor-screen-only\">Linkedin<\/span>\n\t\t\t\t\t\t<svg aria-hidden=\"true\" class=\"e-font-icon-svg e-fab-linkedin\" viewBox=\"0 0 448 512\" xmlns=\"http:\/\/www.w3.org\/2000\/svg\"><path d=\"M416 32H31.9C14.3 32 0 46.5 0 64.3v383.4C0 465.5 14.3 480 31.9 480H416c17.6 0 32-14.5 32-32.3V64.3c0-17.8-14.4-32.3-32-32.3zM135.4 416H69V202.2h66.5V416zm-33.2-243c-21.3 0-38.5-17.3-38.5-38.5S80.9 96 102.2 96c21.2 0 38.5 17.3 38.5 38.5 0 21.3-17.2 38.5-38.5 38.5zm282.1 243h-66.4V312c0-24.8-.5-56.7-34.5-56.7-34.6 0-39.9 27-39.9 54.9V416h-66.4V202.2h63.7v29.2h.9c8.9-16.8 30.6-34.5 62.9-34.5 67.2 0 79.7 44.3 79.7 101.9V416z\"><\/path><\/svg>\t\t\t\t\t<\/a>\n\t\t\t\t<\/span>\n\t\t\t\t\t\t\t<span class=\"elementor-grid-item\" role=\"listitem\">\n\t\t\t\t\t<a class=\"elementor-icon elementor-social-icon elementor-social-icon-envelope elementor-repeater-item-60554c8\" href=\"mailto:victoria@victoriafones.com\" target=\"_blank\">\n\t\t\t\t\t\t<span class=\"elementor-screen-only\">Envelope<\/span>\n\t\t\t\t\t\t<svg aria-hidden=\"true\" class=\"e-font-icon-svg e-fas-envelope\" viewBox=\"0 0 512 512\" xmlns=\"http:\/\/www.w3.org\/2000\/svg\"><path d=\"M502.3 190.8c3.9-3.1 9.7-.2 9.7 4.7V400c0 26.5-21.5 48-48 48H48c-26.5 0-48-21.5-48-48V195.6c0-5 5.7-7.8 9.7-4.7 22.4 17.4 52.1 39.5 154.1 113.6 21.1 15.4 56.7 47.8 92.2 47.6 35.7.3 72-32.8 92.3-47.6 102-74.1 131.6-96.3 154-113.7zM256 320c23.2.4 56.6-29.2 73.4-41.4 132.7-96.3 142.8-104.7 173.4-128.7 5.8-4.5 9.2-11.5 9.2-18.9v-19c0-26.5-21.5-48-48-48H48C21.5 64 0 85.5 0 112v19c0 7.4 3.4 14.3 9.2 18.9 30.6 23.9 40.7 32.4 173.4 128.7 16.8 12.2 50.2 41.8 73.4 41.4z\"><\/path><\/svg>\t\t\t\t\t<\/a>\n\t\t\t\t<\/span>\n\t\t\t\t\t<\/div>\n\t\t\t\t\t\t<\/div>\n\t\t\t\t<\/div>\n\t\t\t\t<\/div>\n\t\t<div class=\"elementor-element elementor-element-542970c e-con-full e-flex e-con e-child\" data-id=\"542970c\" data-element_type=\"container\" data-e-type=\"container\" data-settings=\"{&quot;jet_parallax_layout_list&quot;:[]}\">\n\t\t\t\t<div class=\"elementor-element elementor-element-eca5e14 elementor-widget elementor-widget-text-editor\" data-id=\"eca5e14\" data-element_type=\"widget\" data-e-type=\"widget\" data-widget_type=\"text-editor.default\">\n\t\t\t\t<div class=\"elementor-widget-container\">\n\t\t\t\t\t\t\t\t\tSou Victoria Fones, s\u00f3cia fundadora da <b>VF Real Estate<\/b>, uma <b>empresa boutique especializada\u00a0no mercado de Jos\u00e9 Ignacio<\/b> e \u00e1reas pr\u00f3ximas em Punta del Este, oferecendo <b>servi\u00e7os de consultoria imobili\u00e1ria premium.<\/b>\t\t\t\t\t\t\t\t<\/div>\n\t\t\t\t<\/div>\n\t\t\t\t<div class=\"elementor-element elementor-element-b7fa121 elementor-widget elementor-widget-heading\" data-id=\"b7fa121\" data-element_type=\"widget\" data-e-type=\"widget\" data-widget_type=\"heading.default\">\n\t\t\t\t<div class=\"elementor-widget-container\">\n\t\t\t\t\t<h2 class=\"elementor-heading-title elementor-size-default\">MISS\u00c3O<\/h2>\t\t\t\t<\/div>\n\t\t\t\t<\/div>\n\t\t\t\t<div class=\"elementor-element elementor-element-4a7e1c2 elementor-widget elementor-widget-text-editor\" data-id=\"4a7e1c2\" data-element_type=\"widget\" data-e-type=\"widget\" data-widget_type=\"text-editor.default\">\n\t\t\t\t<div class=\"elementor-widget-container\">\n\t\t\t\t\t\t\t\t\tNossa miss\u00e3o \u00e9 oferecer um servi\u00e7o excelente, profissional e transparente em Jos\u00e9 Ignacio.\nFornecemos informa\u00e7\u00f5es confi\u00e1veis, constru\u00edmos confian\u00e7a com os clientes e buscamos\u00a0superar os padr\u00f5es de qualidade do mercado local.\t\t\t\t\t\t\t\t<\/div>\n\t\t\t\t<\/div>\n\t\t\t\t<div class=\"elementor-element elementor-element-47ad557 elementor-widget elementor-widget-heading\" data-id=\"47ad557\" data-element_type=\"widget\" data-e-type=\"widget\" data-widget_type=\"heading.default\">\n\t\t\t\t<div class=\"elementor-widget-container\">\n\t\t\t\t\t<h2 class=\"elementor-heading-title elementor-size-default\">VIS\u00c3O<\/h2>\t\t\t\t<\/div>\n\t\t\t\t<\/div>\n\t\t\t\t<div class=\"elementor-element elementor-element-f60b69f elementor-widget elementor-widget-text-editor\" data-id=\"f60b69f\" data-element_type=\"widget\" data-e-type=\"widget\" data-widget_type=\"text-editor.default\">\n\t\t\t\t<div class=\"elementor-widget-container\">\n\t\t\t\t\t\t\t\t\tNos esfor\u00e7amos para ser l\u00edderes de mercado, conhecidos por elevar os padr\u00f5es de qualidade e\u00a0\u00e9tica, enquanto constru\u00edmos relacionamentos duradouros baseados na confian\u00e7a.\t\t\t\t\t\t\t\t<\/div>\n\t\t\t\t<\/div>\n\t\t\t\t<div class=\"elementor-element elementor-element-52f211c elementor-widget elementor-widget-heading\" data-id=\"52f211c\" data-element_type=\"widget\" data-e-type=\"widget\" data-widget_type=\"heading.default\">\n\t\t\t\t<div class=\"elementor-widget-container\">\n\t\t\t\t\t<h2 class=\"elementor-heading-title elementor-size-default\">Valores<\/h2>\t\t\t\t<\/div>\n\t\t\t\t<\/div>\n\t\t\t\t<div class=\"elementor-element elementor-element-4b216dd elementor-widget elementor-widget-text-editor\" data-id=\"4b216dd\" data-element_type=\"widget\" data-e-type=\"widget\" data-widget_type=\"text-editor.default\">\n\t\t\t\t<div class=\"elementor-widget-container\">\n\t\t\t\t\t\t\t\t\t<ul>\n \t<li><strong>Confian\u00e7a<\/strong>: Honramos compromissos e priorizamos a transpar\u00eancia em todas as transa\u00e7\u00f5es.<\/li>\n \t<li><strong>Integridade<\/strong>: Agimos com honestidade e justi\u00e7a.<\/li>\n \t<li><strong>Excel\u00eancia<\/strong>: Altos padr\u00f5es de servi\u00e7o e metodologias profissionais.<\/li>\n \t<li><strong>Efici\u00eancia<\/strong>: Alcan\u00e7amos resultados \u00f3timos dentro dos prazos estabelecidos.<\/li>\n<\/ul>\t\t\t\t\t\t\t\t<\/div>\n\t\t\t\t<\/div>\n\t\t\t\t<\/div>\n\t\t\t\t\t<\/div>\n\t\t\t\t<\/div>\n\t\t\t\t<\/div>\n\t\t","protected":false},"excerpt":{"rendered":"<p>Sobre Victoria Fones Imobili\u00e1ria Victoria\u00a0Fones CEO &amp; Founder. Sales Instagram Phone-square Whatsapp Linkedin Envelope Sou Victoria Fones, s\u00f3cia fundadora da VF Real Estate, uma empresa boutique especializada\u00a0no mercado de Jos\u00e9 Ignacio e \u00e1reas pr\u00f3ximas em Punta del Este, oferecendo servi\u00e7os de consultoria imobili\u00e1ria premium. MISS\u00c3O Nossa miss\u00e3o \u00e9 oferecer um servi\u00e7o excelente, profissional e transparente [&hellip;]<\/p>\n","protected":false},"author":1,"featured_media":0,"parent":0,"menu_order":0,"comment_status":"closed","ping_status":"closed","template":"elementor_header_footer","meta":{"footnotes":""},"class_list":["post-9747","page","type-page","status-publish","hentry"],"yoast_head":"<!-- This site is optimized with the Yoast SEO plugin v27.2 - https:\/\/yoast.com\/product\/yoast-seo-wordpress\/ -->\n<title>Nossa equipe \/ Sobre N\u00f3s - Victoria Fones<\/title>\n<meta name=\"description\" content=\"A nossa equipa ir\u00e1 aconselh\u00e1-lo durante todo o ciclo de vida dos seus im\u00f3veis. Assessoria, investimentos e administra\u00e7\u00e3o de im\u00f3veis.\" \/>\n<meta name=\"robots\" content=\"index, follow, max-snippet:-1, max-image-preview:large, max-video-preview:-1\" \/>\n<link rel=\"canonical\" href=\"https:\/\/www.victoriafones.com\/br\/sobre-nos\/\" \/>\n<meta property=\"og:locale\" content=\"pt_PT\" \/>\n<meta property=\"og:type\" content=\"article\" \/>\n<meta property=\"og:title\" content=\"Nossa equipe \/ Sobre N\u00f3s - Victoria Fones\" \/>\n<meta property=\"og:description\" content=\"A nossa equipa ir\u00e1 aconselh\u00e1-lo durante todo o ciclo de vida dos seus im\u00f3veis. Assessoria, investimentos e administra\u00e7\u00e3o de im\u00f3veis.\" \/>\n<meta property=\"og:url\" content=\"https:\/\/www.victoriafones.com\/br\/sobre-nos\/\" \/>\n<meta property=\"og:site_name\" content=\"Victoria Fones\" \/>\n<meta property=\"article:publisher\" content=\"https:\/\/www.instagram.com\/victoriafones.realestate\" \/>\n<meta property=\"article:modified_time\" content=\"2025-11-08T12:02:51+00:00\" \/>\n<meta property=\"og:image\" content=\"https:\/\/www.victoriafones.com\/wp-content\/uploads\/2024\/11\/our-team-victoria-fones.webp\" \/>\n<meta name=\"twitter:card\" content=\"summary_large_image\" \/>\n<meta name=\"twitter:label1\" content=\"Est. reading time\" \/>\n\t<meta name=\"twitter:data1\" content=\"1 minute\" \/>\n<script type=\"application\/ld+json\" class=\"yoast-schema-graph\">{\"@context\":\"https:\/\/schema.org\",\"@graph\":[{\"@type\":\"WebPage\",\"@id\":\"https:\/\/www.victoriafones.com\/br\/sobre-nos\/\",\"url\":\"https:\/\/www.victoriafones.com\/br\/sobre-nos\/\",\"name\":\"Nossa equipe \/ Sobre N\u00f3s - Victoria Fones\",\"isPartOf\":{\"@id\":\"https:\/\/www.victoriafones.com\/br\/#website\"},\"primaryImageOfPage\":{\"@id\":\"https:\/\/www.victoriafones.com\/br\/sobre-nos\/#primaryimage\"},\"image\":{\"@id\":\"https:\/\/www.victoriafones.com\/br\/sobre-nos\/#primaryimage\"},\"thumbnailUrl\":\"https:\/\/www.victoriafones.com\/wp-content\/uploads\/2024\/11\/our-team-victoria-fones.webp\",\"datePublished\":\"2024-10-31T21:12:35+00:00\",\"dateModified\":\"2025-11-08T12:02:51+00:00\",\"description\":\"A nossa equipa ir\u00e1 aconselh\u00e1-lo durante todo o ciclo de vida dos seus im\u00f3veis. Assessoria, investimentos e administra\u00e7\u00e3o de im\u00f3veis.\",\"breadcrumb\":{\"@id\":\"https:\/\/www.victoriafones.com\/br\/sobre-nos\/#breadcrumb\"},\"inLanguage\":\"pt-br\",\"potentialAction\":[{\"@type\":\"ReadAction\",\"target\":[\"https:\/\/www.victoriafones.com\/br\/sobre-nos\/\"]}]},{\"@type\":\"ImageObject\",\"inLanguage\":\"pt-br\",\"@id\":\"https:\/\/www.victoriafones.com\/br\/sobre-nos\/#primaryimage\",\"url\":\"https:\/\/www.victoriafones.com\/wp-content\/uploads\/2024\/11\/our-team-victoria-fones.webp\",\"contentUrl\":\"https:\/\/www.victoriafones.com\/wp-content\/uploads\/2024\/11\/our-team-victoria-fones.webp\"},{\"@type\":\"BreadcrumbList\",\"@id\":\"https:\/\/www.victoriafones.com\/br\/sobre-nos\/#breadcrumb\",\"itemListElement\":[{\"@type\":\"ListItem\",\"position\":1,\"name\":\"Home\",\"item\":\"https:\/\/www.victoriafones.com\/br\/\"},{\"@type\":\"ListItem\",\"position\":2,\"name\":\"Sobre N\u00f3s\"}]},{\"@type\":\"WebSite\",\"@id\":\"https:\/\/www.victoriafones.com\/br\/#website\",\"url\":\"https:\/\/www.victoriafones.com\/br\/\",\"name\":\"Victoria Fones Real Estate\",\"description\":\"\",\"publisher\":{\"@id\":\"https:\/\/www.victoriafones.com\/br\/#organization\"},\"potentialAction\":[{\"@type\":\"SearchAction\",\"target\":{\"@type\":\"EntryPoint\",\"urlTemplate\":\"https:\/\/www.victoriafones.com\/br\/?s={search_term_string}\"},\"query-input\":{\"@type\":\"PropertyValueSpecification\",\"valueRequired\":true,\"valueName\":\"search_term_string\"}}],\"inLanguage\":\"pt-br\"},{\"@type\":\"Organization\",\"@id\":\"https:\/\/www.victoriafones.com\/br\/#organization\",\"name\":\"Victoria Fones Real Estate\",\"url\":\"https:\/\/www.victoriafones.com\/br\/\",\"logo\":{\"@type\":\"ImageObject\",\"inLanguage\":\"pt-br\",\"@id\":\"https:\/\/www.victoriafones.com\/br\/#\/schema\/logo\/image\/\",\"url\":\"https:\/\/www.victoriafones.com\/wp-content\/uploads\/2024\/11\/pdf-logo-color.png\",\"contentUrl\":\"https:\/\/www.victoriafones.com\/wp-content\/uploads\/2024\/11\/pdf-logo-color.png\",\"width\":290,\"height\":160,\"caption\":\"Victoria Fones Real Estate\"},\"image\":{\"@id\":\"https:\/\/www.victoriafones.com\/br\/#\/schema\/logo\/image\/\"},\"sameAs\":[\"https:\/\/www.instagram.com\/victoriafones.realestate\"]}]}<\/script>\n<!-- \/ Yoast SEO plugin. -->","yoast_head_json":{"title":"Nossa equipe \/ Sobre N\u00f3s - Victoria Fones","description":"A nossa equipa ir\u00e1 aconselh\u00e1-lo durante todo o ciclo de vida dos seus im\u00f3veis. Assessoria, investimentos e administra\u00e7\u00e3o de im\u00f3veis.","robots":{"index":"index","follow":"follow","max-snippet":"max-snippet:-1","max-image-preview":"max-image-preview:large","max-video-preview":"max-video-preview:-1"},"canonical":"https:\/\/www.victoriafones.com\/br\/sobre-nos\/","og_locale":"pt_PT","og_type":"article","og_title":"Nossa equipe \/ Sobre N\u00f3s - Victoria Fones","og_description":"A nossa equipa ir\u00e1 aconselh\u00e1-lo durante todo o ciclo de vida dos seus im\u00f3veis. Assessoria, investimentos e administra\u00e7\u00e3o de im\u00f3veis.","og_url":"https:\/\/www.victoriafones.com\/br\/sobre-nos\/","og_site_name":"Victoria Fones","article_publisher":"https:\/\/www.instagram.com\/victoriafones.realestate","article_modified_time":"2025-11-08T12:02:51+00:00","og_image":[{"url":"https:\/\/www.victoriafones.com\/wp-content\/uploads\/2024\/11\/our-team-victoria-fones.webp","type":"","width":"","height":""}],"twitter_card":"summary_large_image","twitter_misc":{"Est. reading time":"1 minute"},"schema":{"@context":"https:\/\/schema.org","@graph":[{"@type":"WebPage","@id":"https:\/\/www.victoriafones.com\/br\/sobre-nos\/","url":"https:\/\/www.victoriafones.com\/br\/sobre-nos\/","name":"Nossa equipe \/ Sobre N\u00f3s - Victoria Fones","isPartOf":{"@id":"https:\/\/www.victoriafones.com\/br\/#website"},"primaryImageOfPage":{"@id":"https:\/\/www.victoriafones.com\/br\/sobre-nos\/#primaryimage"},"image":{"@id":"https:\/\/www.victoriafones.com\/br\/sobre-nos\/#primaryimage"},"thumbnailUrl":"https:\/\/www.victoriafones.com\/wp-content\/uploads\/2024\/11\/our-team-victoria-fones.webp","datePublished":"2024-10-31T21:12:35+00:00","dateModified":"2025-11-08T12:02:51+00:00","description":"A nossa equipa ir\u00e1 aconselh\u00e1-lo durante todo o ciclo de vida dos seus im\u00f3veis. Assessoria, investimentos e administra\u00e7\u00e3o de im\u00f3veis.","breadcrumb":{"@id":"https:\/\/www.victoriafones.com\/br\/sobre-nos\/#breadcrumb"},"inLanguage":"pt-br","potentialAction":[{"@type":"ReadAction","target":["https:\/\/www.victoriafones.com\/br\/sobre-nos\/"]}]},{"@type":"ImageObject","inLanguage":"pt-br","@id":"https:\/\/www.victoriafones.com\/br\/sobre-nos\/#primaryimage","url":"https:\/\/www.victoriafones.com\/wp-content\/uploads\/2024\/11\/our-team-victoria-fones.webp","contentUrl":"https:\/\/www.victoriafones.com\/wp-content\/uploads\/2024\/11\/our-team-victoria-fones.webp"},{"@type":"BreadcrumbList","@id":"https:\/\/www.victoriafones.com\/br\/sobre-nos\/#breadcrumb","itemListElement":[{"@type":"ListItem","position":1,"name":"Home","item":"https:\/\/www.victoriafones.com\/br\/"},{"@type":"ListItem","position":2,"name":"Sobre N\u00f3s"}]},{"@type":"WebSite","@id":"https:\/\/www.victoriafones.com\/br\/#website","url":"https:\/\/www.victoriafones.com\/br\/","name":"Victoria Fones Real Estate","description":"","publisher":{"@id":"https:\/\/www.victoriafones.com\/br\/#organization"},"potentialAction":[{"@type":"SearchAction","target":{"@type":"EntryPoint","urlTemplate":"https:\/\/www.victoriafones.com\/br\/?s={search_term_string}"},"query-input":{"@type":"PropertyValueSpecification","valueRequired":true,"valueName":"search_term_string"}}],"inLanguage":"pt-br"},{"@type":"Organization","@id":"https:\/\/www.victoriafones.com\/br\/#organization","name":"Victoria Fones Real Estate","url":"https:\/\/www.victoriafones.com\/br\/","logo":{"@type":"ImageObject","inLanguage":"pt-br","@id":"https:\/\/www.victoriafones.com\/br\/#\/schema\/logo\/image\/","url":"https:\/\/www.victoriafones.com\/wp-content\/uploads\/2024\/11\/pdf-logo-color.png","contentUrl":"https:\/\/www.victoriafones.com\/wp-content\/uploads\/2024\/11\/pdf-logo-color.png","width":290,"height":160,"caption":"Victoria Fones Real Estate"},"image":{"@id":"https:\/\/www.victoriafones.com\/br\/#\/schema\/logo\/image\/"},"sameAs":["https:\/\/www.instagram.com\/victoriafones.realestate"]}]}},"_links":{"self":[{"href":"https:\/\/www.victoriafones.com\/br\/wp-json\/wp\/v2\/pages\/9747","targetHints":{"allow":["GET"]}}],"collection":[{"href":"https:\/\/www.victoriafones.com\/br\/wp-json\/wp\/v2\/pages"}],"about":[{"href":"https:\/\/www.victoriafones.com\/br\/wp-json\/wp\/v2\/types\/page"}],"author":[{"embeddable":true,"href":"https:\/\/www.victoriafones.com\/br\/wp-json\/wp\/v2\/users\/1"}],"replies":[{"embeddable":true,"href":"https:\/\/www.victoriafones.com\/br\/wp-json\/wp\/v2\/comments?post=9747"}],"version-history":[{"count":0,"href":"https:\/\/www.victoriafones.com\/br\/wp-json\/wp\/v2\/pages\/9747\/revisions"}],"wp:attachment":[{"href":"https:\/\/www.victoriafones.com\/br\/wp-json\/wp\/v2\/media?parent=9747"}],"curies":[{"name":"wp","href":"https:\/\/api.w.org\/{rel}","templated":true}]}}